{"id":9979,"date":"2024-04-05T18:31:58","date_gmt":"2024-04-05T23:31:58","guid":{"rendered":"https:\/\/www.sisari.app\/cms\/?page_id=9979"},"modified":"2024-04-08T17:29:05","modified_gmt":"2024-04-08T22:29:05","slug":"ariana","status":"publish","type":"page","link":"https:\/\/www.sisari.app\/cms\/service\/ariana\/","title":{"rendered":"Ariana"},"content":{"rendered":"\t\t<div data-elementor-type=\"wp-page\" data-elementor-id=\"9979\" class=\"elementor elementor-9979\">\n\t\t\t\t\t\t<section class=\"elementor-section elementor-top-section elementor-element elementor-element-ebfab18 elementor-section-boxed elementor-section-height-default elementor-section-height-default\" data-id=\"ebfab18\" data-element_type=\"section\" data-e-type=\"section\">\n\t\t\t\t\t\t<div class=\"elementor-container elementor-column-gap-default\">\n\t\t\t\t\t<div class=\"elementor-column elementor-col-50 elementor-top-column elementor-element elementor-element-4401e99\" data-id=\"4401e99\" data-element_type=\"column\" data-e-type=\"column\">\n\t\t\t<div class=\"elementor-widget-wrap elementor-element-populated\">\n\t\t\t\t\t\t<div class=\"elementor-element elementor-element-98af126 elementor-widget elementor-widget-wp-widget-nav_menu\" data-id=\"98af126\" data-element_type=\"widget\" data-e-type=\"widget\" data-widget_type=\"wp-widget-nav_menu.default\">\n\t\t\t\t<div class=\"elementor-widget-container\">\n\t\t\t\t\t<div class=\"menu-one-page-10-container\"><ul id=\"menu-one-page-10\" class=\"menu\"><li id=\"menu-item-9982\" class=\"menu-item menu-item-type-post_type menu-item-object-page menu-item-home menu-item-9982\"><a href=\"https:\/\/www.sisari.app\/cms\/\">Inicio<\/a><\/li>\n<li id=\"menu-item-9983\" class=\"menu-item menu-item-type-post_type menu-item-object-page menu-item-9983\"><a href=\"https:\/\/www.sisari.app\/cms\/service\/ariana\/\">Ariana<\/a><\/li>\n<li id=\"menu-item-10122\" class=\"menu-item menu-item-type-custom menu-item-object-custom menu-item-10122\"><a href=\"#\">ISP<\/a><\/li>\n<li id=\"menu-item-10123\" class=\"menu-item menu-item-type-custom menu-item-object-custom menu-item-10123\"><a href=\"#\">Desarrollo de Software<\/a><\/li>\n<li id=\"menu-item-10124\" class=\"menu-item menu-item-type-custom menu-item-object-custom menu-item-10124\"><a href=\"#\">Servicios de Consultor\u00eda y TI<\/a><\/li>\n<\/ul><\/div>\t\t\t\t<\/div>\n\t\t\t\t<\/div>\n\t\t\t\t<div class=\"elementor-element elementor-element-15decb9 elementor-widget elementor-widget-restly_contact_info\" data-id=\"15decb9\" data-element_type=\"widget\" data-e-type=\"widget\" data-widget_type=\"restly_contact_info.default\">\n\t\t\t\t<div class=\"elementor-widget-container\">\n\t\t\t\t\t        <div class=\"restly-contact-info-warpper\">\r\n            <div class=\"restly-contact-info\">\r\n                <h2 class=\"contact-info-title\">No Dudes en Contactarnos<\/h2>                <div class=\"restly-contact-info-items\">\r\n                                        <div class=\"restly-cinfo d-flex align-items-center\">\r\n                        <div class=\"restly-cinfo-icon\">\r\n                            <i class=\"fas fa-phone-alt\"><\/i>\r\n                        <\/div>\r\n                        <div class=\"restly-cinfo-dec\">\r\n                            <span>Ll\u00e1manos<\/span>\r\n                            <p>+593 93 945 6777<\/p>                        <\/div>\r\n                    <\/div>\r\n                                        <div class=\"restly-cinfo d-flex align-items-center\">\r\n                        <div class=\"restly-cinfo-icon\">\r\n                            <i class=\"far fa-envelope\"><\/i>\r\n                        <\/div>\r\n                        <div class=\"restly-cinfo-dec\">\r\n                            <span>Escr\u00edbenos<\/span>\r\n                            <p>info@sisari.app<\/p>                        <\/div>\r\n                    <\/div>\r\n                                        <div class=\"restly-cinfo d-flex align-items-center\">\r\n                        <div class=\"restly-cinfo-icon\">\r\n                            <i class=\"fas fa-clock\"><\/i>\r\n                        <\/div>\r\n                        <div class=\"restly-cinfo-dec\">\r\n                            <span>Horas de Oficina<\/span>\r\n                            <p>Lunes a Viernes: 9:00 AM - 6:00 PM<\/p>                        <\/div>\r\n                    <\/div>\r\n                                    <\/div>\r\n            <\/div>\r\n        <\/div>\r\n        \t\t\t\t<\/div>\n\t\t\t\t<\/div>\n\t\t\t\t\t<\/div>\n\t\t<\/div>\n\t\t\t\t<div class=\"elementor-column elementor-col-50 elementor-top-column elementor-element elementor-element-6b0495c\" data-id=\"6b0495c\" data-element_type=\"column\" data-e-type=\"column\">\n\t\t\t<div class=\"elementor-widget-wrap elementor-element-populated\">\n\t\t\t\t\t\t<div class=\"elementor-element elementor-element-c4a32d7 elementor-widget elementor-widget-image\" data-id=\"c4a32d7\" data-element_type=\"widget\" data-e-type=\"widget\" data-widget_type=\"image.default\">\n\t\t\t\t<div class=\"elementor-widget-container\">\n\t\t\t\t\t\t\t\t\t\t\t\t\t\t\t<img fetchpriority=\"high\" decoding=\"async\" width=\"1124\" height=\"650\" src=\"https:\/\/www.sisari.app\/cms\/wp-content\/uploads\/2021\/04\/service-details.jpg\" class=\"attachment-full size-full wp-image-1029\" alt=\"\" srcset=\"https:\/\/www.sisari.app\/cms\/wp-content\/uploads\/2021\/04\/service-details.jpg 1124w, https:\/\/www.sisari.app\/cms\/wp-content\/uploads\/2021\/04\/service-details-600x347.jpg 600w, https:\/\/www.sisari.app\/cms\/wp-content\/uploads\/2021\/04\/service-details-300x173.jpg 300w, https:\/\/www.sisari.app\/cms\/wp-content\/uploads\/2021\/04\/service-details-1024x592.jpg 1024w, https:\/\/www.sisari.app\/cms\/wp-content\/uploads\/2021\/04\/service-details-768x444.jpg 768w\" sizes=\"(max-width: 1124px) 100vw, 1124px\" \/>\t\t\t\t\t\t\t\t\t\t\t\t\t\t\t<\/div>\n\t\t\t\t<\/div>\n\t\t\t\t<div class=\"elementor-element elementor-element-e57fda9 elementor-widget elementor-widget-heading\" data-id=\"e57fda9\" data-element_type=\"widget\" data-e-type=\"widget\" data-widget_type=\"heading.default\">\n\t\t\t\t<div class=\"elementor-widget-container\">\n\t\t\t\t\t<h2 class=\"elementor-heading-title elementor-size-default\">Ariana<\/h2>\t\t\t\t<\/div>\n\t\t\t\t<\/div>\n\t\t\t\t<div class=\"elementor-element elementor-element-175c686 elementor-widget elementor-widget-restly_about\" data-id=\"175c686\" data-element_type=\"widget\" data-e-type=\"widget\" data-widget_type=\"restly_about.default\">\n\t\t\t\t<div class=\"elementor-widget-container\">\n\t\t\t\t\t        <div class=\"restly-about-wrapper\">\n            <div class=\"restly-about-content text-left\">\n                                \n                <h4 class=\"restly-about-stitle\"><span><\/span><\/h4>\n                \n                <h1 class=\"restly-about-title\"><\/h1>\n                <div class=\"restly-about-dec\">\n                    Sistema Web Comercializado\u00a0 bajo la Modalidad de Software como Servicio (SaaS).\n<ul>\n \t<li>Facturaci\u00f3n Electr\u00f3nica.<\/li>\n \t<li>Contenedor de Documentos Electr\u00f3nicos.<\/li>\n \t<li>Control de Inventarios de Articulos y\/o Productos.<\/li>\n \t<li>Arqueos de Caja Diarios o por Grupo de Dias.<\/li>\n \t<li>Registro de Combos \/ Kits de Productos.<\/li>\n \t<li>Log de Accesos de Usuarios.<\/li>\n<\/ul>                <\/div>\n            <\/div>\n        <\/div>\n        \t\t\t\t<\/div>\n\t\t\t\t<\/div>\n\t\t\t\t<div class=\"elementor-element elementor-element-58cd075 elementor-widget elementor-widget-heading\" data-id=\"58cd075\" data-element_type=\"widget\" data-e-type=\"widget\" data-widget_type=\"heading.default\">\n\t\t\t\t<div class=\"elementor-widget-container\">\n\t\t\t\t\t<h2 class=\"elementor-heading-title elementor-size-default\">Modelo de Negocios que Aplican<\/h2>\t\t\t\t<\/div>\n\t\t\t\t<\/div>\n\t\t\t\t<div class=\"elementor-element elementor-element-3323b47 elementor-widget elementor-widget-text-editor\" data-id=\"3323b47\" data-element_type=\"widget\" data-e-type=\"widget\" data-widget_type=\"text-editor.default\">\n\t\t\t\t<div class=\"elementor-widget-container\">\n\t\t\t\t\t\t\t\t\t<p><strong>Puntos de Venta:<\/strong><\/p><p style=\"padding-left: 40px;\">Farmacias, Comerciales, Mini Market, Bazares, Licorer\u00edas, Jugueter\u00edas, Almac\u00e9n de Art\u00edculos Varios, Ferreter\u00edas, Almac\u00e9n de Repuestos de Veh\u00edculos y de toda clase de Art\u00edculos Electr\u00f3nicos, Art\u00edculos para Fiestas, Distribuidoras de Cervezas, Medicinas u otros Productos.<\/p><p><strong>Venta de Comida:<\/strong><\/p><p style=\"padding-left: 40px;\">Restaurantes, Soda Bares, Bares de Escuelas y Colegios, Asaderos, Picanter\u00edas, Helader\u064cias, Locales de Fritadas, etc.<\/p><p><strong>Venta de Servicios y Productos:<\/strong><\/p><p style=\"padding-left: 40px;\">Lubricadoras, Peluquer\u00edas, Talleres de Repuestos y Servicios como Mantenimiento \/ Reparaci\u00f3n de Aires Acondicionados \/ Refrigeradoras \/ Lavadoras etc, Talleres Mec\u00e1nicos, Almacenes de Venta y Reparaci\u00f3n de Celulares.<\/p><p><strong>Cobro de Pensiones y Asistencia a Clases:<\/strong><\/p><p style=\"padding-left: 40px;\">Escuelas, Colegios, Academias de Belleza, Artesanales, Enfermer\u00eda.<\/p>\t\t\t\t\t\t\t\t<\/div>\n\t\t\t\t<\/div>\n\t\t\t\t<section class=\"elementor-section elementor-inner-section elementor-element elementor-element-c55851d elementor-section-boxed elementor-section-height-default elementor-section-height-default\" data-id=\"c55851d\" data-element_type=\"section\" data-e-type=\"section\">\n\t\t\t\t\t\t<div class=\"elementor-container elementor-column-gap-default\">\n\t\t\t\t\t<div class=\"elementor-column elementor-col-33 elementor-inner-column elementor-element elementor-element-670267a\" data-id=\"670267a\" data-element_type=\"column\" data-e-type=\"column\">\n\t\t\t<div class=\"elementor-widget-wrap elementor-element-populated\">\n\t\t\t\t\t\t<div class=\"elementor-element elementor-element-1ad5177 elementor-widget elementor-widget-service_box\" data-id=\"1ad5177\" data-element_type=\"widget\" data-e-type=\"widget\" data-widget_type=\"service_box.default\">\n\t\t\t\t<div class=\"elementor-widget-container\">\n\t\t\t\t\t        <div class=\"restly-service-box-wrapper\">\r\n                        <div class=\"restly-service-two-box tran-04\">\r\n                <div class=\"restly-service-two-contents tran-04 service-two-center\">\r\n                    <div class=\"restly-service-two-icon tran-04\">\r\n                                                    <i class=\"flaticon flaticon-computer\"><\/i>\r\n                                            <\/div>\r\n                    <div class=\"service-two-content tran-04\">\r\n                        <h3 class=\"service-two-title tran-04\">Soluciones Windows<\/h3>\r\n                        <div class=\"service-two-dec tran-04\">\r\n                            <p>Soluciones Cliente\/Servidor en Windows con Tecnolog\u00eda de \u00daltima Generaci\u00f3n.<\/p>\r\n                        <\/div>\r\n                                            <\/div>\r\n                <\/div>\r\n            <\/div>\r\n                        <\/div>\r\n        \t\t\t\t<\/div>\n\t\t\t\t<\/div>\n\t\t\t\t\t<\/div>\n\t\t<\/div>\n\t\t\t\t<div class=\"elementor-column elementor-col-33 elementor-inner-column elementor-element elementor-element-5258ec5\" data-id=\"5258ec5\" data-element_type=\"column\" data-e-type=\"column\">\n\t\t\t<div class=\"elementor-widget-wrap elementor-element-populated\">\n\t\t\t\t\t\t<div class=\"elementor-element elementor-element-93294fb elementor-widget elementor-widget-service_box\" data-id=\"93294fb\" data-element_type=\"widget\" data-e-type=\"widget\" data-widget_type=\"service_box.default\">\n\t\t\t\t<div class=\"elementor-widget-container\">\n\t\t\t\t\t        <div class=\"restly-service-box-wrapper\">\r\n                        <div class=\"restly-service-two-box tran-04\">\r\n                <div class=\"restly-service-two-contents tran-04 service-two-center\">\r\n                    <div class=\"restly-service-two-icon tran-04\">\r\n                                                    <i class=\"flaticon flaticon-internet\"><\/i>\r\n                                            <\/div>\r\n                    <div class=\"service-two-content tran-04\">\r\n                        <h3 class=\"service-two-title tran-04\">Desarrollo de Software<\/h3>\r\n                        <div class=\"service-two-dec tran-04\">\r\n                            <p>\u00bfNecesita Personalizar una Soluci\u00f3n para Tu Negocio? Aqu\u00ed estamos para Ayudar...<\/p>\r\n                        <\/div>\r\n                                            <\/div>\r\n                <\/div>\r\n            <\/div>\r\n                        <\/div>\r\n        \t\t\t\t<\/div>\n\t\t\t\t<\/div>\n\t\t\t\t\t<\/div>\n\t\t<\/div>\n\t\t\t\t<div class=\"elementor-column elementor-col-33 elementor-inner-column elementor-element elementor-element-5846053\" data-id=\"5846053\" data-element_type=\"column\" data-e-type=\"column\">\n\t\t\t<div class=\"elementor-widget-wrap elementor-element-populated\">\n\t\t\t\t\t\t<div class=\"elementor-element elementor-element-d89ff02 elementor-widget elementor-widget-service_box\" data-id=\"d89ff02\" data-element_type=\"widget\" data-e-type=\"widget\" data-widget_type=\"service_box.default\">\n\t\t\t\t<div class=\"elementor-widget-container\">\n\t\t\t\t\t        <div class=\"restly-service-box-wrapper\">\r\n                        <div class=\"restly-service-two-box tran-04\">\r\n                <div class=\"restly-service-two-contents tran-04 service-two-center\">\r\n                    <div class=\"restly-service-two-icon tran-04\">\r\n                                                    <i class=\"flaticon flaticon-idea-3\"><\/i>\r\n                                            <\/div>\r\n                    <div class=\"service-two-content tran-04\">\r\n                        <h3 class=\"service-two-title tran-04\">Servicios de Consultor\u00eda y TI<\/h3>\r\n                        <div class=\"service-two-dec tran-04\">\r\n                            <p>Ayudamos a Tu Empresa a Alinear Tus Estrategias Tecnol\u00f3gicas y Comerciales.<\/p>\r\n                        <\/div>\r\n                                            <\/div>\r\n                <\/div>\r\n            <\/div>\r\n                        <\/div>\r\n        \t\t\t\t<\/div>\n\t\t\t\t<\/div>\n\t\t\t\t\t<\/div>\n\t\t<\/div>\n\t\t\t\t\t<\/div>\n\t\t<\/section>\n\t\t\t\t\t<\/div>\n\t\t<\/div>\n\t\t\t\t\t<\/div>\n\t\t<\/section>\n\t\t\t\t<\/div>\n\t\t","protected":false},"excerpt":{"rendered":"<p>No Dudes en Contactarnos Ll\u00e1manos +593 93 945 6777 Escr\u00edbenos info@sisari.app Horas de Oficina Lunes a Viernes: 9:00 AM &#8211; 6:00 PM Ariana Sistema Web Comercializado\u00a0 bajo la Modalidad de Software como Servicio (SaaS). Facturaci\u00f3n Electr\u00f3nica. Contenedor de Documentos Electr\u00f3nicos. Control de Inventarios de Articulos y\/o Productos. Arqueos de Caja Diarios o por Grupo de [&hellip;]<\/p>\n","protected":false},"author":1,"featured_media":0,"parent":1015,"menu_order":0,"comment_status":"closed","ping_status":"closed","template":"blank-template.php","meta":{"_monsterinsights_skip_tracking":false,"_monsterinsights_sitenote_active":false,"_monsterinsights_sitenote_note":"","_monsterinsights_sitenote_category":0,"footnotes":""},"class_list":["post-9979","page","type-page","status-publish","hentry"],"aioseo_notices":[],"_links":{"self":[{"href":"https:\/\/www.sisari.app\/cms\/wp-json\/wp\/v2\/pages\/9979","targetHints":{"allow":["GET"]}}],"collection":[{"href":"https:\/\/www.sisari.app\/cms\/wp-json\/wp\/v2\/pages"}],"about":[{"href":"https:\/\/www.sisari.app\/cms\/wp-json\/wp\/v2\/types\/page"}],"author":[{"embeddable":true,"href":"https:\/\/www.sisari.app\/cms\/wp-json\/wp\/v2\/users\/1"}],"replies":[{"embeddable":true,"href":"https:\/\/www.sisari.app\/cms\/wp-json\/wp\/v2\/comments?post=9979"}],"version-history":[{"count":136,"href":"https:\/\/www.sisari.app\/cms\/wp-json\/wp\/v2\/pages\/9979\/revisions"}],"predecessor-version":[{"id":10121,"href":"https:\/\/www.sisari.app\/cms\/wp-json\/wp\/v2\/pages\/9979\/revisions\/10121"}],"up":[{"embeddable":true,"href":"https:\/\/www.sisari.app\/cms\/wp-json\/wp\/v2\/pages\/1015"}],"wp:attachment":[{"href":"https:\/\/www.sisari.app\/cms\/wp-json\/wp\/v2\/media?parent=9979"}],"curies":[{"name":"wp","href":"https:\/\/api.w.org\/{rel}","templated":true}]}}